{"id":2305,"date":"2023-07-23T16:25:23","date_gmt":"2023-07-23T15:25:23","guid":{"rendered":"https:\/\/icertpublication.com\/?page_id=2305"},"modified":"2023-11-10T16:13:18","modified_gmt":"2023-11-10T16:13:18","slug":"healthy-family-life-a-sine-qua-non-for-sustainable-development","status":"publish","type":"page","link":"https:\/\/icert.org.in\/index.php\/edu-mania\/edumania-vol-1issue-2\/healthy-family-life-a-sine-qua-non-for-sustainable-development\/","title":{"rendered":"Healthy Family Life: A Sine Qua Non For Sustainable Development"},"content":{"rendered":"\t\t<div data-elementor-type=\"wp-page\" data-elementor-id=\"2305\" class=\"elementor elementor-2305\">\n\t\t\t\t\t\t<section class=\"elementor-section elementor-top-section elementor-element elementor-element-58726da elementor-section-boxed elementor-section-height-default elementor-section-height-default\" data-id=\"58726da\" data-element_type=\"section\">\n\t\t\t\t\t\t<div class=\"elementor-container elementor-column-gap-default\">\n\t\t\t\t\t<div class=\"elementor-column elementor-col-100 elementor-top-column elementor-element elementor-element-45b3aad\" data-id=\"45b3aad\" data-element_type=\"column\">\n\t\t\t<div class=\"elementor-widget-wrap elementor-element-populated\">\n\t\t\t\t\t\t<div class=\"elementor-element elementor-element-1a14fa1 elementor-widget elementor-widget-heading\" data-id=\"1a14fa1\" data-element_type=\"widget\" data-widget_type=\"heading.default\">\n\t\t\t\t<div class=\"elementor-widget-container\">\n\t\t\t\t\t<h2 class=\"elementor-heading-title elementor-size-default\">Healthy Family Life: A Sine Qua Non For Sustainable Development<\/h2>\t\t\t\t<\/div>\n\t\t\t\t<\/div>\n\t\t\t\t<div class=\"elementor-element elementor-element-6aa28fd elementor-widget elementor-widget-text-editor\" data-id=\"6aa28fd\" data-element_type=\"widget\" data-widget_type=\"text-editor.default\">\n\t\t\t\t<div class=\"elementor-widget-container\">\n\t\t\t\t\t\t\t\t\t<p><span style=\"font-weight: 400;\">Oladapo, John Ayo<\/span><\/p><p><span style=\"font-weight: 400;\">Lecturer, Baptist College of Theology, Igede Ekiti, Nigeria<\/span><\/p>\t\t\t\t\t\t\t\t<\/div>\n\t\t\t\t<\/div>\n\t\t\t\t<div class=\"elementor-element elementor-element-d53b211 elementor-widget elementor-widget-heading\" data-id=\"d53b211\" data-element_type=\"widget\" data-widget_type=\"heading.default\">\n\t\t\t\t<div class=\"elementor-widget-container\">\n\t\t\t\t\t<h5 class=\"elementor-heading-title elementor-size-default\">Abstract<\/h5>\t\t\t\t<\/div>\n\t\t\t\t<\/div>\n\t\t\t\t<div class=\"elementor-element elementor-element-9564ef4 elementor-widget elementor-widget-text-editor\" data-id=\"9564ef4\" data-element_type=\"widget\" data-widget_type=\"text-editor.default\">\n\t\t\t\t<div class=\"elementor-widget-container\">\n\t\t\t\t\t\t\t\t\t<p><span style=\"font-weight: 400;\">This study aims to raise awareness of the importance of enhancing family life and strengthening the family unit for the sustainable development of African society. When the family, the most significant social unit, is threatened, sustainable growth cannot be achieved. The central theme of this study is the importance of a healthy family life as a contributor to societal development. Parents in the society are now downplaying family values and ethics, which is considered as one of the main problems contributing to a number of troubles that are emerging in the society. This study demonstrates that poor parental involvement is one of the social elements that foster unhealthy family structures, which has serious negative effects on sustainable development. The paper x-rayed the passion that people now have for work in order to satisfy human wants and the neglects for home fronts thereby creating large gap in building virtues and moral life of their family members. In order to have a balanced and healthy society, that is free of stress, full of maximum productivity and conducive family living, it is crucial that work ethics and family life be given the desired attention in the society. This research demonstrates how important it is for parents to raise morally sound, well-educated children, which highlights the importance of striking a healthy balance between job and home life. The paper therefore conclude that every home should endeavour to uphold the sanctity of family life in order for the society to have sustainable development.<\/span><\/p><p><br \/><b>Key words:<\/b> <i><span style=\"font-weight: 400;\">Family-Life, sustainable Development, virtues, moral, society.<\/span><\/i><\/p>\t\t\t\t\t\t\t\t<\/div>\n\t\t\t\t<\/div>\n\t\t\t\t\t<\/div>\n\t\t<\/div>\n\t\t\t\t\t<\/div>\n\t\t<\/section>\n\t\t\t\t<section class=\"elementor-section elementor-top-section elementor-element elementor-element-0a602cb elementor-section-boxed elementor-section-height-default elementor-section-height-default\" data-id=\"0a602cb\" data-element_type=\"section\">\n\t\t\t\t\t\t<div class=\"elementor-container elementor-column-gap-default\">\n\t\t\t\t\t<div class=\"elementor-column elementor-col-100 elementor-top-column elementor-element elementor-element-bbdc153\" data-id=\"bbdc153\" data-element_type=\"column\">\n\t\t\t<div class=\"elementor-widget-wrap elementor-element-populated\">\n\t\t\t\t\t\t<div class=\"elementor-element elementor-element-4acb6bd elementor-widget elementor-widget-heading\" data-id=\"4acb6bd\" data-element_type=\"widget\" data-widget_type=\"heading.default\">\n\t\t\t\t<div class=\"elementor-widget-container\">\n\t\t\t\t\t<h5 class=\"elementor-heading-title elementor-size-default\">Impact statement<\/h5>\t\t\t\t<\/div>\n\t\t\t\t<\/div>\n\t\t\t\t<div class=\"elementor-element elementor-element-de0d4c7 elementor-widget elementor-widget-text-editor\" data-id=\"de0d4c7\" data-element_type=\"widget\" data-widget_type=\"text-editor.default\">\n\t\t\t\t<div class=\"elementor-widget-container\">\n\t\t\t\t\t\t\t\t\t<p><span style=\"font-weight: 400;\">Lack of family values and ethics is a major contributing factor threatening the sustainable growth and family structure in the contemporary society. This study discovered that poor parental involvement in family life is one of the social elements that foster unhealthy family structures which has serious negative effects on sustainable development. This study revealed that in order to achieve the goal of sustainable development, parents should balance their attitude towards work and family life. This will enable them to raise morally sound, culturally endured, emotionally and spiritually nurtured and well-educated children in the society.\u00a0<\/span><\/p><p><span style=\"font-weight: 400;\">Findings from this study indicates that healthy family life will contribute greatly to the achievement of the sustainable development goal. It is underpinned in this study that parents, family counselors, parental educators, religious and institutional leaders will benefit from this study, as it reveals the crucial components of family life that is necessary for sustainable development.\u00a0<\/span><\/p>\t\t\t\t\t\t\t\t<\/div>\n\t\t\t\t<\/div>\n\t\t\t\t\t<\/div>\n\t\t<\/div>\n\t\t\t\t\t<\/div>\n\t\t<\/section>\n\t\t\t\t<section class=\"elementor-section elementor-top-section elementor-element elementor-element-65084c2 elementor-section-boxed elementor-section-height-default elementor-section-height-default\" data-id=\"65084c2\" data-element_type=\"section\">\n\t\t\t\t\t\t<div class=\"elementor-container elementor-column-gap-default\">\n\t\t\t\t\t<div class=\"elementor-column elementor-col-100 elementor-top-column elementor-element elementor-element-d50748d\" data-id=\"d50748d\" data-element_type=\"column\">\n\t\t\t<div class=\"elementor-widget-wrap elementor-element-populated\">\n\t\t\t\t\t\t<div class=\"elementor-element elementor-element-1fd7aef elementor-widget elementor-widget-heading\" data-id=\"1fd7aef\" data-element_type=\"widget\" data-widget_type=\"heading.default\">\n\t\t\t\t<div class=\"elementor-widget-container\">\n\t\t\t\t\t<h5 class=\"elementor-heading-title elementor-size-default\">About The Author<\/h5>\t\t\t\t<\/div>\n\t\t\t\t<\/div>\n\t\t\t\t<div class=\"elementor-element elementor-element-6a0b6a6 elementor-widget elementor-widget-text-editor\" data-id=\"6a0b6a6\" data-element_type=\"widget\" data-widget_type=\"text-editor.default\">\n\t\t\t\t<div class=\"elementor-widget-container\">\n\t\t\t\t\t\t\t\t\t<p>John Ayo Oladapo, PhD. is a Baptist minister and theological educator. He is a senior lecturer at Baptist College of Theology, Igede-Ekiti and the Executive Director\/President, Institute of Family Life and Societal Development of Centre for Blissful Home Initiative. He is a researcher in the field of religion with a special interest in Ethics, Pastoral Care and Counseling, Marriage and family life therapy. He has authored Books, chapters in books and journal articles nationally and internationally<\/p>\t\t\t\t\t\t\t\t<\/div>\n\t\t\t\t<\/div>\n\t\t\t\t<div class=\"elementor-element elementor-element-fdc5519 elementor-widget elementor-widget-heading\" data-id=\"fdc5519\" data-element_type=\"widget\" data-widget_type=\"heading.default\">\n\t\t\t\t<div class=\"elementor-widget-container\">\n\t\t\t\t\t<h5 class=\"elementor-heading-title elementor-size-default\">References<\/h5>\t\t\t\t<\/div>\n\t\t\t\t<\/div>\n\t\t\t\t<div class=\"elementor-element elementor-element-ab9efc8 elementor-widget elementor-widget-text-editor\" data-id=\"ab9efc8\" data-element_type=\"widget\" data-widget_type=\"text-editor.default\">\n\t\t\t\t<div class=\"elementor-widget-container\">\n\t\t\t\t\t\t\t\t\t<p><span style=\"font-weight: 400;\">Adams, G. A., King, L. A.\u00a0and King, D. W (1996). \u201cRelationship of Job and Family Involvement, Family Social Support, and Work-Family Conflict with Job and Life Satisfaction.\u201d <\/span><i><span style=\"font-weight: 400;\">Journal of Applied Psychology,<\/span><\/i><span style=\"font-weight: 400;\"> Vol. 81 No. 4.<\/span><\/p><p><span style=\"font-weight: 400;\">Akande, Ola (2015) Marriage and Family Life: Prospects and Challenges through Marital with <\/span> <span style=\"font-weight: 400;\">Guidance &amp; Counselling. Ibadan: Agbo Areo Publishers.<\/span><\/p><p><span style=\"font-weight: 400;\">Ayandokun, Esther (2012) \u201cMaking Christianity Real and Meaningful to African Children through Appropriate Christian Nurture\u201d in <\/span><i><span style=\"font-weight: 400;\">Indigenization of the Church in Africa: The Nigerian situation, Ed. By A A Akande, M. Audi &amp; O B Oladejo<\/span><\/i><span style=\"font-weight: 400;\">. Ibadan: Baptist Press.<\/span><\/p><p><span style=\"font-weight: 400;\">Ayinde, Olukayode (2014) Family Affairs. Ado Ekiti: Otungraphics &amp; Communications<\/span><\/p><p><span style=\"font-weight: 400;\">Carnicer, M. De Luis, S\u00e1nchez, A. Mart\u00ednez, M. P\u00e9rez P\u00e9rez,\u00a0&amp;\u00a0M. Vela Jim\u00e9nez. (2002) <\/span><i><span style=\"font-weight: 400;\">La <\/span><\/i> <i><span style=\"font-weight: 400;\">flexibilidad de la firm y la conciliaci\u00f3n de la vida laboral y familiar<\/span><\/i><span style=\"font-weight: 400;\">. <\/span><i><span style=\"font-weight: 400;\">Bolet\u00edn Econ\u00f3mico <\/span><\/i> <i><span style=\"font-weight: 400;\">de ICE<\/span><\/i><span style=\"font-weight: 400;\"> N 2741.\u00a0<\/span><\/p><p><span style=\"font-weight: 400;\">Cortese, A. (2003). The Critical Role of Higher Education in Creating a Sustainable Future. <\/span> <span style=\"font-weight: 400;\">Planning for Higher Education 31;3:15\u201322.<\/span><\/p><p><span style=\"font-weight: 400;\">Daleen, V. (1985) <\/span><i><span style=\"font-weight: 400;\">Methods of research in education and psychology (2<\/span><\/i><i><span style=\"font-weight: 400;\">nd<\/span><\/i><i><span style=\"font-weight: 400;\"> ed.) <\/span><\/i><span style=\"font-weight: 400;\">Cairo: Anglo <\/span> <span style=\"font-weight: 400;\">Egyptian Bookshop.<\/span><\/p><p><span style=\"font-weight: 400;\">Grzywacz, J.G.\u00a0and\u00a0Carlson, D.S. (2007) <\/span><i><span style=\"font-weight: 400;\">Conceptualizing work-family balance: implications for practice and research<\/span><\/i><span style=\"font-weight: 400;\"> (Edici\u00f3n especial). <\/span><i><span style=\"font-weight: 400;\">Adv Dev Hum Resour,<\/span><\/i><span style=\"font-weight: 400;\"> Vol. 9 No. 4.<\/span><\/p><p><span style=\"font-weight: 400;\">Gulay Gunay and Ahmet Oguz (2012) \u201cSustainable Development from the Family to the <\/span> <span style=\"font-weight: 400;\">Society\u201d in <\/span><i><span style=\"font-weight: 400;\">Mediterraneam Journal of Social Sciences vol. 3 No5.<\/span><\/i><\/p><p><span style=\"font-weight: 400;\">Kofi Annan, \u201ccould family be the key to achieving the sdgs?\u201d retrieved from <\/span><span style=\"font-weight: 400;\">http:\/\/www.unicef-<\/span> <span style=\"font-weight: 400;\">irc.org\/article\/1815-could-families-be-the-key-to-achieving-the-sdgs.html on March 27<\/span><span style=\"font-weight: 400;\">, <\/span> <span style=\"font-weight: 400;\">2023.<\/span><\/p><p><span style=\"font-weight: 400;\">Lin P.L. &amp; Chen, J. M. (1987), Characteristics of a healthy family and family strengths: Cross- <\/span> <span style=\"font-weight: 400;\">Cultural study Journal of education &amp; Psychology, 10 (8), 199-222.<\/span><\/p><p><span style=\"font-weight: 400;\">Lockwood, N. R. (2009) <\/span><i><span style=\"font-weight: 400;\">Work\/Life Balance: Challenges and Solutions<\/span><\/i><span style=\"font-weight: 400;\">. <\/span><i><span style=\"font-weight: 400;\">Society for Human Resource Management<\/span><\/i><span style=\"font-weight: 400;\">, 2003, 6; and Osoian, C., Lazar, L.,\u00a0and\u00a0Ratiu, P. <\/span><i><span style=\"font-weight: 400;\">\u201cThe benefits of implementing and supporting work\u00a0\u2013\u00a0life balance policies in organizations\u201d<\/span><\/i><span style=\"font-weight: 400;\">.Rumania: Bolyai University, Cluj-Napoca.<\/span><\/p><p><span style=\"font-weight: 400;\">McDonald Paula and Bradley M Lisa, (2005) <\/span><i><span style=\"font-weight: 400;\">The Case for Work\/Life Balance: Closing the Gap Between Policy and Practice<\/span><\/i><span style=\"font-weight: 400;\">, Sydney: Hudson Global Resources.\u00a0<\/span><\/p><p><span style=\"font-weight: 400;\">Nnubia, Uju E. \u201cParental role expectations for sustainable child development\u201d retrieved from <\/span> <a href=\"https:\/\/www.globalacademicgroup.com\/journals\/academic%20excellence%20\/PARENT%09AL%20ROLE%20EXPECTATIONS%20FOR%20SUSTAINABLE%20CHILD%20DE%09VELOPMENT.pdf\"><span style=\"font-weight: 400;\">https:\/\/www.globalacademicgroup.com\/journals\/academic%20excellence%20\/PARENT<\/span> <span style=\"font-weight: 400;\">AL%20ROLE%20EXPECTATIONS%20FOR%20SUSTAINABLE%20CHILD%20DE<\/span> <span style=\"font-weight: 400;\">VELOPMENT.pdf<\/span><\/a><span style=\"font-weight: 400;\"> on March 27, 2023.<\/span><\/p><p><span style=\"font-weight: 400;\">Oko-Jaja, Chinyere, (2020) \u201cFamily Disintegration: A Threat to Sustainable Development\u201d in <\/span> <span style=\"font-weight: 400;\">International Journal of Operational Research in Management, Social Science &amp; <\/span> <span style=\"font-weight: 400;\">Education Vol 6Number 1.<\/span><\/p><p><span style=\"font-weight: 400;\">Oladapo, John Ayo (2018). Family Life Values: An Ethical Approach to Building a Godly Nation. Akure: Johnstar Publishers.<\/span><\/p><p><span style=\"font-weight: 400;\">Phylis L.L., (1994) \u201cCharacteristics of a Healthy Family\u201d in <\/span><i><span style=\"font-weight: 400;\">ED 377 097.<\/span><\/i><\/p><p><span style=\"font-weight: 400;\">Prasad, V. (2012) \u201cWork-Life Balance among Human Resources, Emerging Trends in select Corporate Businesses in India and Abroad-\u00a0A study\u201d. <\/span><i><span style=\"font-weight: 400;\">International Journal of Research in Commerce and Management<\/span><\/i><span style=\"font-weight: 400;\">.<\/span><\/p><p><span style=\"font-weight: 400;\">Prerna,\u00a0 J. (2012) \u201cWork\/Life Balance in Corporate Sector.\u201d <\/span><i><span style=\"font-weight: 400;\">International Journal of Marketing and Technology<\/span><\/i><span style=\"font-weight: 400;\">.<\/span><\/p><p><span style=\"font-weight: 400;\">Veiga, D. R. B. (2010) Concilia\u00e7\u00e3o entre Vida Profissional e Familiar em Cabo Verde. O Papel do Estado e das Fam\u00edlias. Instituto Universitario de Lisboa.\u00a0\u00a0<\/span><\/p>\t\t\t\t\t\t\t\t<\/div>\n\t\t\t\t<\/div>\n\t\t\t\t\t<\/div>\n\t\t<\/div>\n\t\t\t\t\t<\/div>\n\t\t<\/section>\n\t\t\t\t<\/div>\n\t\t","protected":false},"excerpt":{"rendered":"<p>Healthy Family Life: A Sine Qua Non For Sustainable Development Oladapo, John Ayo Lecturer, Baptist College of Theology, Igede Ekiti, Nigeria Abstract This study aims to raise awareness of the importance of enhancing family life and strengthening the family unit for the sustainable development of African society. When the family, the most significant social unit, [&hellip;]<\/p>\n","protected":false},"author":1,"featured_media":0,"parent":1656,"menu_order":0,"comment_status":"closed","ping_status":"closed","template":"","meta":{"_acf_changed":false,"postBodyCss":"","postBodyMargin":[],"postBodyPadding":[],"postBodyBackground":{"backgroundType":"classic","gradient":""},"site-sidebar-layout":"no-sidebar","site-content-layout":"page-builder","ast-site-content-layout":"default","site-content-style":"default","site-sidebar-style":"default","ast-global-header-display":"","ast-banner-title-visibility":"","ast-main-header-display":"","ast-hfb-above-header-display":"","ast-hfb-below-header-display":"","ast-hfb-mobile-header-display":"","site-post-title":"disabled","ast-breadcrumbs-content":"","ast-featured-img":"disabled","footer-sml-layout":"","theme-transparent-header-meta":"default","adv-header-id-meta":"","stick-header-meta":"","header-above-stick-meta":"","header-main-stick-meta":"","header-below-stick-meta":"","astra-migrate-meta-layouts":"default","ast-page-background-enabled":"default","ast-page-background-meta":{"desktop":{"background-color":"var(--ast-global-color-4)","background-image":"","background-repeat":"repeat","background-position":"center center","background-size":"auto","background-attachment":"scroll","background-type":"","background-media":"","overlay-type":"","overlay-color":"","overlay-opacity":"","overlay-gradient":""},"tablet":{"background-color":"","background-image":"","background-repeat":"repeat","background-position":"center center","background-size":"auto","background-attachment":"scroll","background-type":"","background-media":"","overlay-type":"","overlay-color":"","overlay-opacity":"","overlay-gradient":""},"mobile":{"background-color":"","background-image":"","background-repeat":"repeat","background-position":"center center","background-size":"auto","background-attachment":"scroll","background-type":"","background-media":"","overlay-type":"","overlay-color":"","overlay-opacity":"","overlay-gradient":""}},"ast-content-background-meta":{"desktop":{"background-color":"var(--ast-global-color-5)","background-image":"","background-repeat":"repeat","background-position":"center center","background-size":"auto","background-attachment":"scroll","background-type":"","background-media":"","overlay-type":"","overlay-color":"","overlay-opacity":"","overlay-gradient":""},"tablet":{"background-color":"var(--ast-global-color-5)","background-image":"","background-repeat":"repeat","background-position":"center center","background-size":"auto","background-attachment":"scroll","background-type":"","background-media":"","overlay-type":"","overlay-color":"","overlay-opacity":"","overlay-gradient":""},"mobile":{"background-color":"var(--ast-global-color-5)","background-image":"","background-repeat":"repeat","background-position":"center center","background-size":"auto","background-attachment":"scroll","background-type":"","background-media":"","overlay-type":"","overlay-color":"","overlay-opacity":"","overlay-gradient":""}},"footnotes":""},"class_list":["post-2305","page","type-page","status-publish","hentry"],"acf":[],"_links":{"self":[{"href":"https:\/\/icert.org.in\/index.php\/wp-json\/wp\/v2\/pages\/2305","targetHints":{"allow":["GET"]}}],"collection":[{"href":"https:\/\/icert.org.in\/index.php\/wp-json\/wp\/v2\/pages"}],"about":[{"href":"https:\/\/icert.org.in\/index.php\/wp-json\/wp\/v2\/types\/page"}],"author":[{"embeddable":true,"href":"https:\/\/icert.org.in\/index.php\/wp-json\/wp\/v2\/users\/1"}],"replies":[{"embeddable":true,"href":"https:\/\/icert.org.in\/index.php\/wp-json\/wp\/v2\/comments?post=2305"}],"version-history":[{"count":0,"href":"https:\/\/icert.org.in\/index.php\/wp-json\/wp\/v2\/pages\/2305\/revisions"}],"up":[{"embeddable":true,"href":"https:\/\/icert.org.in\/index.php\/wp-json\/wp\/v2\/pages\/1656"}],"wp:attachment":[{"href":"https:\/\/icert.org.in\/index.php\/wp-json\/wp\/v2\/media?parent=2305"}],"curies":[{"name":"wp","href":"https:\/\/api.w.org\/{rel}","templated":true}]}}