{"id":3204,"date":"2023-10-10T17:32:11","date_gmt":"2023-10-10T16:32:11","guid":{"rendered":"https:\/\/icertpublication.com\/?page_id=3204"},"modified":"2026-03-28T14:06:42","modified_gmt":"2026-03-28T08:36:42","slug":"learning-behavior-of-ug-pg-students-of-university-college-of-physical-education-guru-kashi-university-talwandi-sabo-bhatinda-punjab-during-lockdown-period","status":"publish","type":"page","link":"https:\/\/icert.org.in\/index.php\/shodh-sari-2\/sodha-sari-vol-2-issue-4\/learning-behavior-of-ug-pg-students-of-university-college-of-physical-education-guru-kashi-university-talwandi-sabo-bhatinda-punjab-during-lockdown-period\/","title":{"rendered":"Learning Behavior of UG &#038; PG Students of University College of Physical  Education, Guru Kashi University Talwandi Sabo, Bhatinda (Punjab) During  Lockdown Period"},"content":{"rendered":"\t\t<div data-elementor-type=\"wp-page\" data-elementor-id=\"3204\" class=\"elementor elementor-3204\">\n\t\t\t\t\t\t<section class=\"elementor-section elementor-top-section elementor-element elementor-element-3386a7d elementor-section-boxed elementor-section-height-default elementor-section-height-default\" data-id=\"3386a7d\" data-element_type=\"section\">\n\t\t\t\t\t\t<div class=\"elementor-container elementor-column-gap-default\">\n\t\t\t\t\t<div class=\"elementor-column elementor-col-100 elementor-top-column elementor-element elementor-element-b1c639b\" data-id=\"b1c639b\" data-element_type=\"column\">\n\t\t\t<div class=\"elementor-widget-wrap elementor-element-populated\">\n\t\t\t\t\t\t<div class=\"elementor-element elementor-element-12f942a elementor-widget elementor-widget-heading\" data-id=\"12f942a\" data-element_type=\"widget\" data-widget_type=\"heading.default\">\n\t\t\t\t<div class=\"elementor-widget-container\">\n\t\t\t\t\t<h1 class=\"elementor-heading-title elementor-size-default\"><b>Shodh Sari-An International Multidisciplinary Journal<\/b><\/h1>\t\t\t\t<\/div>\n\t\t\t\t<\/div>\n\t\t\t\t<div class=\"elementor-element elementor-element-243e59c elementor-widget elementor-widget-heading\" data-id=\"243e59c\" data-element_type=\"widget\" data-widget_type=\"heading.default\">\n\t\t\t\t<div class=\"elementor-widget-container\">\n\t\t\t\t\t<h2 class=\"elementor-heading-title elementor-size-default\"><b>Vol-02, Issue-04 (Oct-Dec 2023)<\/b><\/h2>\t\t\t\t<\/div>\n\t\t\t\t<\/div>\n\t\t\t\t<div class=\"elementor-element elementor-element-910316f elementor-widget elementor-widget-heading\" data-id=\"910316f\" data-element_type=\"widget\" data-widget_type=\"heading.default\">\n\t\t\t\t<div class=\"elementor-widget-container\">\n\t\t\t\t\t<h5 class=\"elementor-heading-title elementor-size-default\"><b>An International scholarly\/ academic journal, peer-reviewed\/ refereed journal, ISSN : 2959-1376<\/b><\/h5>\t\t\t\t<\/div>\n\t\t\t\t<\/div>\n\t\t\t\t\t<\/div>\n\t\t<\/div>\n\t\t\t\t\t<\/div>\n\t\t<\/section>\n\t\t\t\t<section class=\"elementor-section elementor-top-section elementor-element elementor-element-22a3e9f elementor-section-boxed elementor-section-height-default elementor-section-height-default\" data-id=\"22a3e9f\" data-element_type=\"section\">\n\t\t\t\t\t\t<div class=\"elementor-container elementor-column-gap-default\">\n\t\t\t\t\t<div class=\"elementor-column elementor-col-100 elementor-top-column elementor-element elementor-element-783675f\" data-id=\"783675f\" data-element_type=\"column\">\n\t\t\t<div class=\"elementor-widget-wrap elementor-element-populated\">\n\t\t\t\t\t\t<div class=\"elementor-element elementor-element-77ea437 elementor-widget elementor-widget-heading\" data-id=\"77ea437\" data-element_type=\"widget\" data-widget_type=\"heading.default\">\n\t\t\t\t<div class=\"elementor-widget-container\">\n\t\t\t\t\t<h2 class=\"elementor-heading-title elementor-size-default\">Learning Behavior of UG &amp; PG Students of University College of Physical \nEducation, Guru Kashi University Talwandi Sabo, Bhatinda (Punjab) During \nLockdown Period<\/h2>\t\t\t\t<\/div>\n\t\t\t\t<\/div>\n\t\t\t\t<div class=\"elementor-element elementor-element-8e90cfc elementor-widget elementor-widget-text-editor\" data-id=\"8e90cfc\" data-element_type=\"widget\" data-widget_type=\"text-editor.default\">\n\t\t\t\t<div class=\"elementor-widget-container\">\n\t\t\t\t\t\t\t\t\t<p><span style=\"font-weight: 400;\">Shanker, Gauri<\/span><\/p><p><span style=\"font-weight: 400;\">Research Scholar, Department of Physical Education, Guru Kashi University, Talwandi Sabo-Punjab, India<\/span><\/p>\t\t\t\t\t\t\t\t<\/div>\n\t\t\t\t<\/div>\n\t\t\t\t<div class=\"elementor-element elementor-element-452f7af elementor-widget elementor-widget-heading\" data-id=\"452f7af\" data-element_type=\"widget\" data-widget_type=\"heading.default\">\n\t\t\t\t<div class=\"elementor-widget-container\">\n\t\t\t\t\t<h4 class=\"elementor-heading-title elementor-size-default\">Abstract<\/h4>\t\t\t\t<\/div>\n\t\t\t\t<\/div>\n\t\t\t\t<div class=\"elementor-element elementor-element-8929756 elementor-widget elementor-widget-text-editor\" data-id=\"8929756\" data-element_type=\"widget\" data-widget_type=\"text-editor.default\">\n\t\t\t\t<div class=\"elementor-widget-container\">\n\t\t\t\t\t\t\t\t\t<p><span style=\"font-weight: 400;\">The main purpose of this study to examine the learning status of online classes of under graduate and post graduate student related to physical education department of Guru Kashi University Talwandi Sabo, Bhatinda (Punjab) during lockdown period. For this study an online survey was conducted to collect the data through Google form from 15 July 2021 to 25 July 2021. A self-structural questionnaire prepared in the Google form and sent to students through WhatsApp and E-mail. A total 230 students provide complete details. The percentage method was used to analysis the learning status of under graduate and post graduate students related to Physical Education courses during lockdown period. During the lock down period 80% students were actively participated in online learning or classes. Out of this percentage most students used mobile phone in online learning. Student facing many problems like stress, depression anxiety, poor internet facility, lack of study environment at home, lack of practical activity in physically manner. Students from rural area faced huge challenges during online classes. Finding of this study to create a positive space for online study of students related to physical education courses. Colleges and Universities make plan to develop an online education system for physical education related students.<\/span><\/p><p><b>Keywords<\/b><span style=\"font-weight: 400;\">: <\/span><i><span style=\"font-weight: 400;\">E-learning, Sports, Physical Education, Behaviors, Lock Down.<\/span><\/i><span style=\"font-weight: 400;\">\u00a0<\/span><\/p>\t\t\t\t\t\t\t\t<\/div>\n\t\t\t\t<\/div>\n\t\t\t\t\t<\/div>\n\t\t<\/div>\n\t\t\t\t\t<\/div>\n\t\t<\/section>\n\t\t\t\t<section class=\"elementor-section elementor-top-section elementor-element elementor-element-f383320 elementor-section-boxed elementor-section-height-default elementor-section-height-default\" data-id=\"f383320\" data-element_type=\"section\">\n\t\t\t\t\t\t<div class=\"elementor-container elementor-column-gap-default\">\n\t\t\t\t\t<div class=\"elementor-column elementor-col-100 elementor-top-column elementor-element elementor-element-ac8333a\" data-id=\"ac8333a\" data-element_type=\"column\">\n\t\t\t<div class=\"elementor-widget-wrap elementor-element-populated\">\n\t\t\t\t\t\t<div class=\"elementor-element elementor-element-5c5409a elementor-widget elementor-widget-heading\" data-id=\"5c5409a\" data-element_type=\"widget\" data-widget_type=\"heading.default\">\n\t\t\t\t<div class=\"elementor-widget-container\">\n\t\t\t\t\t<h4 class=\"elementor-heading-title elementor-size-default\">Impact statement<\/h4>\t\t\t\t<\/div>\n\t\t\t\t<\/div>\n\t\t\t\t<div class=\"elementor-element elementor-element-f97dd18 elementor-widget elementor-widget-text-editor\" data-id=\"f97dd18\" data-element_type=\"widget\" data-widget_type=\"text-editor.default\">\n\t\t\t\t<div class=\"elementor-widget-container\">\n\t\t\t\t\t\t\t\t\t<p><\/p>\n<ol>\n<li><b><\/b> <span style=\"font-weight: 400;\">The main issue of this research paper is to describe the problems faced by the students especially the undergraduate and postgraduate students in the Department of Physical Education of Guru Kashi University Talwandi Sabo (Punjab) and how they were helped by the university administration during the Corona crisis<\/span><b>.<\/b><\/li>\n<li><b><\/b> <span style=\"font-weight: 400;\">University administration and department helped wholeheartedly and removed all&nbsp; kinds of problems. Nevertheless, with the support of the University Administration&nbsp; and the teaching staff of the University College of Physical Education, students can easily participate in the online education process.<\/span> <span style=\"font-weight: 400;\">The university administration helped the students in every way during this period. He didn&#8217;t let any problem related to fees come. The team of teachers was always ready to clear their doubts online. Counseling was also done from time to time so that the students do not feel any kind of pressure or tension.<\/span><\/li>\n<li><b><\/b> <span style=\"font-weight: 400;\">When we talk about its benefits, it comes out that in times like this be it university administration or any other educational institution or any other institution, it should help its students or employees in every way in times of such calamity. Under this, there should be no financial aid, mental pressure or tension, moral spot should also be given for this. As a recommendation, it can be said that online education is not very beneficial especially for physical education and sports courses. Because the field of physical education and sports is completely connected with the field, in other words we can say that practical classes hold a very important role in this field. If still, online classes have to be run in the event of disaster or pandemic, then along with prior training to the students, provision of laptop and internet facility etc. should be arranged by the government free of cost or interest-free loan by the university administration. If there is such a system, then the student can take education without any stress and pressure.<\/span><\/li>\n<li><b><\/b> <span style=\"font-weight: 400;\">This paper and the research behind it would not have been possible without the exceptional support of<\/span><span style=\"font-weight: 400;\"> Dr. Ravi Kumar Gahlawat, Prof. Department of Physical Education, Guru Kashi University Talwandi Sabo, Punjab, (India). During this study his counsel and guidance was very helpful. I also grateful to other teaching staff of Department of Physical Education, Guru Kashi University Talwandi Sabo, Punjab, (India) for collection of data.<\/span><\/li>\n<li><b><\/b> <span style=\"font-weight: 400;\">I myself am a research scholar of this department during this Corona period. I felt the kind of problems the students, especially the physical education students, whose work is mostly related to the sports ground, are facing.<\/span><\/li>\n<\/ol>\n<p><\/p>\t\t\t\t\t\t\t\t<\/div>\n\t\t\t\t<\/div>\n\t\t\t\t\t<\/div>\n\t\t<\/div>\n\t\t\t\t\t<\/div>\n\t\t<\/section>\n\t\t\t\t<section class=\"elementor-section elementor-top-section elementor-element elementor-element-1250fd2 elementor-section-boxed elementor-section-height-default elementor-section-height-default\" data-id=\"1250fd2\" data-element_type=\"section\">\n\t\t\t\t\t\t<div class=\"elementor-container elementor-column-gap-default\">\n\t\t\t\t\t<div class=\"elementor-column elementor-col-100 elementor-top-column elementor-element elementor-element-0f3f6b4\" data-id=\"0f3f6b4\" data-element_type=\"column\">\n\t\t\t<div class=\"elementor-widget-wrap elementor-element-populated\">\n\t\t\t\t\t\t<div class=\"elementor-element elementor-element-ee78881 elementor-widget elementor-widget-heading\" data-id=\"ee78881\" data-element_type=\"widget\" data-widget_type=\"heading.default\">\n\t\t\t\t<div class=\"elementor-widget-container\">\n\t\t\t\t\t<h4 class=\"elementor-heading-title elementor-size-default\">About author<\/h4>\t\t\t\t<\/div>\n\t\t\t\t<\/div>\n\t\t\t\t<div class=\"elementor-element elementor-element-a24bff9 elementor-widget elementor-widget-text-editor\" data-id=\"a24bff9\" data-element_type=\"widget\" data-widget_type=\"text-editor.default\">\n\t\t\t\t<div class=\"elementor-widget-container\">\n\t\t\t\t\t\t\t\t\t<p><span style=\"font-weight: 400;\">Gauri Shanker Sahu is working as DPE in School Education Department Government of Haryana.\u00a0 He has completed post-graduation in Physical Education and Sports from Deenbandhu Chhotu Ram University of Science and Technology, Murthal (Haryana). He has completed CPED &amp; BPED from Chaudhary Devi Lal University, Sirsa (Haryana). He has also completed BED from Indira Gandhi National Open University, New Delhi. He also qualified HTET &amp; NET exam in physical education. Presently he is doing Ph.D. in Physical Education from Guru Kashi University, Talwandi Sabo (Punjab).\u00a0 He has also qualified Coach Education Programme in Badminton &amp; Sports Sciences organized by Sports Authority of India. He has played Kho-Kho\/Cricket at Inter-University level\/State level Pataudi Trophy. He has attended above 40 National\/International Conferences, Seminars, Symposia; workshop etc. related to the field of Physical Education, Sports &amp; Yoga. His 10 research paper published in National\/International Journal. He is also active member of various academic and sports societies.<\/span><\/p>\t\t\t\t\t\t\t\t<\/div>\n\t\t\t\t<\/div>\n\t\t\t\t\t<\/div>\n\t\t<\/div>\n\t\t\t\t\t<\/div>\n\t\t<\/section>\n\t\t\t\t<section class=\"elementor-section elementor-top-section elementor-element elementor-element-d7cdc3b elementor-section-boxed elementor-section-height-default elementor-section-height-default\" data-id=\"d7cdc3b\" data-element_type=\"section\">\n\t\t\t\t\t\t<div class=\"elementor-container elementor-column-gap-default\">\n\t\t\t\t\t<div class=\"elementor-column elementor-col-100 elementor-top-column elementor-element elementor-element-34fd148\" data-id=\"34fd148\" data-element_type=\"column\">\n\t\t\t<div class=\"elementor-widget-wrap elementor-element-populated\">\n\t\t\t\t\t\t<div class=\"elementor-element elementor-element-fc7231b elementor-widget elementor-widget-heading\" data-id=\"fc7231b\" data-element_type=\"widget\" data-widget_type=\"heading.default\">\n\t\t\t\t<div class=\"elementor-widget-container\">\n\t\t\t\t\t<h5 class=\"elementor-heading-title elementor-size-default\">References<\/h5>\t\t\t\t<\/div>\n\t\t\t\t<\/div>\n\t\t\t\t<div class=\"elementor-element elementor-element-6f096e4 elementor-widget elementor-widget-text-editor\" data-id=\"6f096e4\" data-element_type=\"widget\" data-widget_type=\"text-editor.default\">\n\t\t\t\t<div class=\"elementor-widget-container\">\n\t\t\t\t\t\t\t\t\t<p class=\"p1\">1. Al Rasheed MM, Al Shahrani AH, Al Muhaini SA, Al Kofide HA, Al hawassi TM, Al demerdash A, Alhaj OA, Bragazzi NL, Jahrami HA. (2021) Knowledge, Attitude, and Practice towards COVID-19 Among Pharmacists: A Cross-Sectional Study. <i>Risk Manag Healthc Policy<\/i>. 2021; 14:3079-3090<\/p><p class=\"p1\">2. Disasa B, Teshome E. (2021), The impact of the COVID-19 Epidemic on Mental Health among Residents of Assela Town. <i>Psychol Res Behav Manag<\/i>. 2021; 14:957-970<\/p><p class=\"p1\">3. Khorwal G, Negi G, Bhute A, Chandra H, Bala subramanian P, Pant J. (2021) Online Foundation Course Program for First Year Medical Undergraduates Amidst the COVID-19 Pandemic \u2013 A New Learning Experience. <i>Adv Med Educ Pract<\/i>. 2021; 12:739-744<\/p><p class=\"p1\">4. Nemat A, Raufi N, Essar MY, Zeng Q. (2021) A Survey on the Health and Financial Status of Private Educational Institutions in Afghanistan During COVID-19 Pandemic. <i>J Multidiscip Healthc<\/i>. 2021; 14:1683-1689<\/p><p class=\"p1\">5. Iqbal J, Qureshi N, Ashraf MA, Rasool SF, Asghar MZ. (2021), The effect of Emotional Intelligence and Academic Social Networking Sites on Academic Performance During the COVID-19 Pandemic. <i>Psychol Res Behav Manag<\/i>. 2021; 14:905-920<\/p><p class=\"p1\"><span class=\"s1\">6. Khattar, A.; Jain, P.R.; Quadri, S.M.K.<\/span> (2020), Effects of the disastrous pandemic COVID 19 on learning styles, activities and mental health of young Indian students-A machine learning approach. <i>In Proceedings of the 4th International Conference on Intelligent Computing and Control Systems (ICICCS), Madurai, India<\/i>, 2020; pp. 1190\u20131195.<\/p><p class=\"p1\">7. Jeong, Hyun-Chul, and Wi-Young So. (2020). &#8220;Difficulties of Online Physical Education Classes in Middle and High School and an Efficient Operation Plan to Address Them&#8221; <i>International Journal of Environmental Research and Public Health<\/i> 17, no. 19: 7279.<\/p><p class=\"p1\">8. \u00c1cs, P., Pr\u00e9musz, V., Morvay-Sey, K., P\u00e1lv\u00f6lgyi, \u00c1., Trpkovici, M., Elbert, G., et al. (2020). Effects of COVID-19 on physical activity behavior among university students: results of a hungarian online survery. <i>Heal. Probl. Civiliz<\/i>. 14, 174\u2013182<span class=\"s1\">.<\/span><\/p>\t\t\t\t\t\t\t\t<\/div>\n\t\t\t\t<\/div>\n\t\t\t\t\t<\/div>\n\t\t<\/div>\n\t\t\t\t\t<\/div>\n\t\t<\/section>\n\t\t\t\t<section class=\"elementor-section elementor-top-section elementor-element elementor-element-b100812 elementor-section-boxed elementor-section-height-default elementor-section-height-default\" data-id=\"b100812\" data-element_type=\"section\">\n\t\t\t\t\t\t<div class=\"elementor-container elementor-column-gap-default\">\n\t\t\t\t\t<div class=\"elementor-column elementor-col-100 elementor-top-column elementor-element elementor-element-681d099\" data-id=\"681d099\" data-element_type=\"column\">\n\t\t\t<div class=\"elementor-widget-wrap\">\n\t\t\t\t\t\t\t<\/div>\n\t\t<\/div>\n\t\t\t\t\t<\/div>\n\t\t<\/section>\n\t\t\t\t<section class=\"elementor-section elementor-top-section elementor-element elementor-element-ee687ec elementor-section-boxed elementor-section-height-default elementor-section-height-default\" data-id=\"ee687ec\" data-element_type=\"section\">\n\t\t\t\t\t\t<div class=\"elementor-container elementor-column-gap-default\">\n\t\t\t\t\t<div class=\"elementor-column elementor-col-100 elementor-top-column elementor-element elementor-element-a0dc780\" data-id=\"a0dc780\" data-element_type=\"column\">\n\t\t\t<div class=\"elementor-widget-wrap elementor-element-populated\">\n\t\t\t\t\t\t<div class=\"elementor-element elementor-element-f2b4fd8 elementor-align-right elementor-widget elementor-widget-button\" data-id=\"f2b4fd8\" data-element_type=\"widget\" data-widget_type=\"button.default\">\n\t\t\t\t<div class=\"elementor-widget-container\">\n\t\t\t\t\t\t\t\t\t<div class=\"elementor-button-wrapper\">\n\t\t\t\t\t<a class=\"elementor-button elementor-button-link elementor-size-sm\" href=\"https:\/\/icert.org.in\/index.php\/shodh-sari-2\/sodha-sari-vol-2-issue-4\/\">\n\t\t\t\t\t\t<span class=\"elementor-button-content-wrapper\">\n\t\t\t\t\t\t\t\t\t<span class=\"elementor-button-text\">Back<\/span>\n\t\t\t\t\t<\/span>\n\t\t\t\t\t<\/a>\n\t\t\t\t<\/div>\n\t\t\t\t\t\t\t\t<\/div>\n\t\t\t\t<\/div>\n\t\t\t\t\t<\/div>\n\t\t<\/div>\n\t\t\t\t\t<\/div>\n\t\t<\/section>\n\t\t\t\t<\/div>\n\t\t","protected":false},"excerpt":{"rendered":"<p>Shodh Sari-An International Multidisciplinary Journal Vol-02, Issue-04 (Oct-Dec 2023) An International scholarly\/ academic journal, peer-reviewed\/ refereed journal, ISSN : 2959-1376 Learning Behavior of UG &amp; PG Students of University College of Physical Education, Guru Kashi University Talwandi Sabo, Bhatinda (Punjab) During Lockdown Period Shanker, Gauri Research Scholar, Department of Physical Education, Guru Kashi University, Talwandi [&hellip;]<\/p>\n","protected":false},"author":1,"featured_media":0,"parent":3057,"menu_order":0,"comment_status":"closed","ping_status":"closed","template":"","meta":{"_acf_changed":false,"postBodyCss":"","postBodyMargin":[],"postBodyPadding":[],"postBodyBackground":{"backgroundType":"classic","gradient":""},"site-sidebar-layout":"no-sidebar","site-content-layout":"page-builder","ast-site-content-layout":"default","site-content-style":"default","site-sidebar-style":"default","ast-global-header-display":"","ast-banner-title-visibility":"","ast-main-header-display":"","ast-hfb-above-header-display":"","ast-hfb-below-header-display":"","ast-hfb-mobile-header-display":"","site-post-title":"disabled","ast-breadcrumbs-content":"","ast-featured-img":"disabled","footer-sml-layout":"","theme-transparent-header-meta":"default","adv-header-id-meta":"","stick-header-meta":"","header-above-stick-meta":"","header-main-stick-meta":"","header-below-stick-meta":"","astra-migrate-meta-layouts":"default","ast-page-background-enabled":"default","ast-page-background-meta":{"desktop":{"background-color":"var(--ast-global-color-4)","background-image":"","background-repeat":"repeat","background-position":"center center","background-size":"auto","background-attachment":"scroll","background-type":"","background-media":"","overlay-type":"","overlay-color":"","overlay-opacity":"","overlay-gradient":""},"tablet":{"background-color":"","background-image":"","background-repeat":"repeat","background-position":"center center","background-size":"auto","background-attachment":"scroll","background-type":"","background-media":"","overlay-type":"","overlay-color":"","overlay-opacity":"","overlay-gradient":""},"mobile":{"background-color":"","background-image":"","background-repeat":"repeat","background-position":"center center","background-size":"auto","background-attachment":"scroll","background-type":"","background-media":"","overlay-type":"","overlay-color":"","overlay-opacity":"","overlay-gradient":""}},"ast-content-background-meta":{"desktop":{"background-color":"var(--ast-global-color-5)","background-image":"","background-repeat":"repeat","background-position":"center center","background-size":"auto","background-attachment":"scroll","background-type":"","background-media":"","overlay-type":"","overlay-color":"","overlay-opacity":"","overlay-gradient":""},"tablet":{"background-color":"var(--ast-global-color-5)","background-image":"","background-repeat":"repeat","background-position":"center center","background-size":"auto","background-attachment":"scroll","background-type":"","background-media":"","overlay-type":"","overlay-color":"","overlay-opacity":"","overlay-gradient":""},"mobile":{"background-color":"var(--ast-global-color-5)","background-image":"","background-repeat":"repeat","background-position":"center center","background-size":"auto","background-attachment":"scroll","background-type":"","background-media":"","overlay-type":"","overlay-color":"","overlay-opacity":"","overlay-gradient":""}},"footnotes":""},"class_list":["post-3204","page","type-page","status-publish","hentry"],"acf":[],"_links":{"self":[{"href":"https:\/\/icert.org.in\/index.php\/wp-json\/wp\/v2\/pages\/3204","targetHints":{"allow":["GET"]}}],"collection":[{"href":"https:\/\/icert.org.in\/index.php\/wp-json\/wp\/v2\/pages"}],"about":[{"href":"https:\/\/icert.org.in\/index.php\/wp-json\/wp\/v2\/types\/page"}],"author":[{"embeddable":true,"href":"https:\/\/icert.org.in\/index.php\/wp-json\/wp\/v2\/users\/1"}],"replies":[{"embeddable":true,"href":"https:\/\/icert.org.in\/index.php\/wp-json\/wp\/v2\/comments?post=3204"}],"version-history":[{"count":3,"href":"https:\/\/icert.org.in\/index.php\/wp-json\/wp\/v2\/pages\/3204\/revisions"}],"predecessor-version":[{"id":30625,"href":"https:\/\/icert.org.in\/index.php\/wp-json\/wp\/v2\/pages\/3204\/revisions\/30625"}],"up":[{"embeddable":true,"href":"https:\/\/icert.org.in\/index.php\/wp-json\/wp\/v2\/pages\/3057"}],"wp:attachment":[{"href":"https:\/\/icert.org.in\/index.php\/wp-json\/wp\/v2\/media?parent=3204"}],"curies":[{"name":"wp","href":"https:\/\/api.w.org\/{rel}","templated":true}]}}